{"id":52,"date":"2024-10-14T23:00:42","date_gmt":"2024-10-14T21:00:42","guid":{"rendered":"https:\/\/www.therapie-online-und-vor-ort.de\/mallorca\/?page_id=52"},"modified":"2024-10-14T23:09:50","modified_gmt":"2024-10-14T21:09:50","slug":"kontakt","status":"publish","type":"page","link":"https:\/\/www.therapie-online-und-vor-ort.de\/mallorca\/kontakt\/","title":{"rendered":"Kontaktieren Sie uns \u2013 Jetzt eine kostenlose Erstberatung f\u00fcr 60 Minuten buchen!"},"content":{"rendered":"\t\t<div data-elementor-type=\"wp-page\" data-elementor-id=\"52\" class=\"elementor elementor-52\">\n\t\t\t\t<div class=\"elementor-element elementor-element-1d45b04 e-flex e-con-boxed e-con e-parent\" data-id=\"1d45b04\" data-element_type=\"container\" data-e-type=\"container\">\n\t\t\t\t\t<div class=\"e-con-inner\">\n\t\t\t\t<div class=\"elementor-element elementor-element-807cc68 elementor-widget elementor-widget-text-editor\" data-id=\"807cc68\" data-element_type=\"widget\" data-e-type=\"widget\" data-widget_type=\"text-editor.default\">\n\t\t\t\t<div class=\"elementor-widget-container\">\n\t\t\t\t\t\t\t\t\t<p>\n<div class=\"wpcf7 no-js\" id=\"wpcf7-f51-o1\" lang=\"de-DE\" dir=\"ltr\" data-wpcf7-id=\"51\">\n<div class=\"screen-reader-response\"><p role=\"status\" aria-live=\"polite\" aria-atomic=\"true\"><\/p> <ul><\/ul><\/div>\n<form action=\"\/mallorca\/wp-json\/wp\/v2\/pages\/52#wpcf7-f51-o1\" method=\"post\" class=\"wpcf7-form init\" aria-label=\"Kontaktformular\" novalidate=\"novalidate\" data-status=\"init\">\n<fieldset class=\"hidden-fields-container\"><input type=\"hidden\" name=\"_wpcf7\" value=\"51\" \/><input type=\"hidden\" name=\"_wpcf7_version\" value=\"6.1.5\" \/><input type=\"hidden\" name=\"_wpcf7_locale\" value=\"de_DE_formal\" \/><input type=\"hidden\" name=\"_wpcf7_unit_tag\" value=\"wpcf7-f51-o1\" \/><input type=\"hidden\" name=\"_wpcf7_container_post\" value=\"0\" \/><input type=\"hidden\" name=\"_wpcf7_posted_data_hash\" value=\"\" \/><input type=\"hidden\" name=\"_wpcf7_recaptcha_response\" value=\"\" \/>\n<\/fieldset>\n<p><label> Anrede *<br \/>\n<span class=\"wpcf7-form-control-wrap\" data-name=\"anrede\"><select class=\"wpcf7-form-control wpcf7-select wpcf7-validates-as-required\" aria-required=\"true\" aria-invalid=\"false\" name=\"anrede\"><option value=\"\">&#8211; Bitte ausw\u00e4hlen &#8211;<\/option><option value=\"Frau\">Frau<\/option><option value=\"Herr\">Herr<\/option><\/select><\/span> <\/label>\n<\/p>\n<p><label> Ihr Vorname *<br \/>\n<span class=\"wpcf7-form-control-wrap\" data-name=\"vorname\"><input size=\"40\" maxlength=\"400\" class=\"wpcf7-form-control wpcf7-text wpcf7-validates-as-required\" aria-required=\"true\" aria-invalid=\"false\" value=\"\" type=\"text\" name=\"vorname\" \/><\/span> <\/label>\n<\/p>\n<p><label> Ihr Nachname *<br \/>\n<span class=\"wpcf7-form-control-wrap\" data-name=\"nachname\"><input size=\"40\" maxlength=\"400\" class=\"wpcf7-form-control wpcf7-text wpcf7-validates-as-required\" aria-required=\"true\" aria-invalid=\"false\" value=\"\" type=\"text\" name=\"nachname\" \/><\/span> <\/label>\n<\/p>\n<p><label> Ihre Telefonnummer*<br \/>\n<span class=\"wpcf7-form-control-wrap\" data-name=\"tel-155\"><input size=\"40\" maxlength=\"400\" class=\"wpcf7-form-control wpcf7-tel wpcf7-validates-as-required wpcf7-text wpcf7-validates-as-tel\" aria-required=\"true\" aria-invalid=\"false\" value=\"\" type=\"tel\" name=\"tel-155\" \/><\/span><\/label>\n<\/p>\n<p><label> Ihre E-Mail-Adresse *<br \/>\n<span class=\"wpcf7-form-control-wrap\" data-name=\"your-email\"><input size=\"40\" maxlength=\"400\" class=\"wpcf7-form-control wpcf7-email wpcf7-validates-as-required wpcf7-text wpcf7-validates-as-email\" aria-required=\"true\" aria-invalid=\"false\" value=\"\" type=\"email\" name=\"your-email\" \/><\/span> <\/label>\n<\/p>\n<p><label> Platz\/Ort\/Land *<br \/>\n<span class=\"wpcf7-form-control-wrap\" data-name=\"ort\"><input size=\"40\" maxlength=\"400\" class=\"wpcf7-form-control wpcf7-text wpcf7-validates-as-required\" aria-required=\"true\" aria-invalid=\"false\" value=\"\" type=\"text\" name=\"ort\" \/><\/span> <\/label>\n<\/p>\n<p><label> Ihre Nachricht (optional)<br \/>\n<span class=\"wpcf7-form-control-wrap\" data-name=\"your-message\"><textarea cols=\"40\" rows=\"10\" maxlength=\"2000\" class=\"wpcf7-form-control wpcf7-textarea\" aria-invalid=\"false\" name=\"your-message\"><\/textarea><\/span> <\/label>\n<\/p>\n<div style=\"\">\n\t<p><span class=\"wpcf7-form-control-wrap\" data-name=\"agb\"><span class=\"wpcf7-form-control wpcf7-acceptance\"><span class=\"wpcf7-list-item\"><input type=\"checkbox\" name=\"agb\" value=\"1\" aria-invalid=\"false\" \/><\/span><\/span><\/span> (*) Ich habe die Hinweise zum <a href=\"https:\/\/www.narzissmus-therapie-beratung.de\/datenschutzerklaerung\/\" target=\"_blank\">Datenschutz<\/a> zur Kenntnis genommen.\n\t<\/p>\n<\/div>\n<p><b>Wichtige Information \u2013 Nutzung Ihrer Daten aus diesem Formular<\/b><br \/>\nWichtige Hinweise zum Datenschutz: Ich habe zur Kenntnis genommen, dass ich das Recht auf Auskunft, Korrektur, L\u00f6schung oder Anonymisierung meiner Daten habe. Ihre pers\u00f6nlichen Daten werden in unserer hausinternen Datenbank gespeichert und dienen ausschlie\u00dflich der Bearbeitung Ihrer Anfrage bzw. Anmeldung. Wir geben Ihre pers\u00f6nlichen Daten grunds\u00e4tzlich nicht ohne Ihre Einwilligung an Dritte weiter, sofern dies nicht zur Vertragsdurchf\u00fchrung notwendig ist oder Sie uns dazu auffordern. Weitere Informationen entnehmen Sie bitte unserer <a href=\"https:\/\/www.narzissmus-therapie-beratung.de\/datenschutzerklaerung\/\" target=\"_blank\">Datenschutzerkl\u00e4rung<\/a>.\n<\/p>\n<p><input class=\"wpcf7-form-control wpcf7-submit has-spinner\" type=\"submit\" value=\"Senden\" \/>\n<\/p><div class=\"wpcf7-response-output\" aria-hidden=\"true\"><\/div>\n<\/form>\n<\/div>\n<\/p>\t\t\t\t\t\t\t\t<\/div>\n\t\t\t\t<\/div>\n\t\t\t\t\t<\/div>\n\t\t\t\t<\/div>\n\t\t\t\t<\/div>\n\t\t","protected":false},"excerpt":{"rendered":"","protected":false},"author":1,"featured_media":0,"parent":0,"menu_order":0,"comment_status":"closed","ping_status":"closed","template":"","meta":{"footnotes":""},"class_list":["post-52","page","type-page","status-publish","hentry"],"acf":[],"yoast_head":"<!-- This site is optimized with the Yoast SEO plugin v27.1.1 - https:\/\/yoast.com\/product\/yoast-seo-wordpress\/ -->\n<title>Kontakt - Jetzt kostenlose Erstberatung buchen!<\/title>\n<meta name=\"description\" content=\"Kostenlose Erstberatung f\u00fcr Einzel- oder Paartherapie: Kontaktieren Sie uns &amp; erhalten Sie 60 Minuten professionelle Beratung kostenlos.\" \/>\n<meta name=\"robots\" content=\"index, follow, max-snippet:-1, max-image-preview:large, max-video-preview:-1\" \/>\n<link rel=\"canonical\" href=\"https:\/\/www.therapie-online-und-vor-ort.de\/mallorca\/kontakt\/\" \/>\n<meta property=\"og:locale\" content=\"de_DE\" \/>\n<meta property=\"og:type\" content=\"article\" \/>\n<meta property=\"og:title\" content=\"Kontakt - Jetzt kostenlose Erstberatung buchen!\" \/>\n<meta property=\"og:description\" content=\"Kostenlose Erstberatung f\u00fcr Einzel- oder Paartherapie: Kontaktieren Sie uns &amp; erhalten Sie 60 Minuten professionelle Beratung kostenlos.\" \/>\n<meta property=\"og:url\" content=\"https:\/\/www.therapie-online-und-vor-ort.de\/mallorca\/kontakt\/\" \/>\n<meta property=\"og:site_name\" content=\"Therapie Online und vor Ort - Mallorca\" \/>\n<meta property=\"article:modified_time\" content=\"2024-10-14T21:09:50+00:00\" \/>\n<meta name=\"twitter:card\" content=\"summary_large_image\" \/>\n<meta name=\"twitter:label1\" content=\"Gesch\u00e4tzte Lesezeit\" \/>\n\t<meta name=\"twitter:data1\" content=\"1\u00a0Minute\" \/>\n<script type=\"application\/ld+json\" class=\"yoast-schema-graph\">{\"@context\":\"https:\/\/schema.org\",\"@graph\":[{\"@type\":\"WebPage\",\"@id\":\"https:\/\/www.therapie-online-und-vor-ort.de\/mallorca\/kontakt\/\",\"url\":\"https:\/\/www.therapie-online-und-vor-ort.de\/mallorca\/kontakt\/\",\"name\":\"Kontakt - Jetzt kostenlose Erstberatung buchen!\",\"isPartOf\":{\"@id\":\"https:\/\/www.therapie-online-und-vor-ort.de\/mallorca\/#website\"},\"datePublished\":\"2024-10-14T21:00:42+00:00\",\"dateModified\":\"2024-10-14T21:09:50+00:00\",\"description\":\"Kostenlose Erstberatung f\u00fcr Einzel- oder Paartherapie: Kontaktieren Sie uns & erhalten Sie 60 Minuten professionelle Beratung kostenlos.\",\"breadcrumb\":{\"@id\":\"https:\/\/www.therapie-online-und-vor-ort.de\/mallorca\/kontakt\/#breadcrumb\"},\"inLanguage\":\"de\",\"potentialAction\":[{\"@type\":\"ReadAction\",\"target\":[\"https:\/\/www.therapie-online-und-vor-ort.de\/mallorca\/kontakt\/\"]}]},{\"@type\":\"BreadcrumbList\",\"@id\":\"https:\/\/www.therapie-online-und-vor-ort.de\/mallorca\/kontakt\/#breadcrumb\",\"itemListElement\":[{\"@type\":\"ListItem\",\"position\":1,\"name\":\"Startseite\",\"item\":\"https:\/\/www.therapie-online-und-vor-ort.de\/mallorca\/\"},{\"@type\":\"ListItem\",\"position\":2,\"name\":\"Kontaktieren Sie uns \u2013 Jetzt eine kostenlose Erstberatung f\u00fcr 60 Minuten buchen!\"}]},{\"@type\":\"WebSite\",\"@id\":\"https:\/\/www.therapie-online-und-vor-ort.de\/mallorca\/#website\",\"url\":\"https:\/\/www.therapie-online-und-vor-ort.de\/mallorca\/\",\"name\":\"Therapie Online und vor Ort - Mallorca\",\"description\":\"\",\"potentialAction\":[{\"@type\":\"SearchAction\",\"target\":{\"@type\":\"EntryPoint\",\"urlTemplate\":\"https:\/\/www.therapie-online-und-vor-ort.de\/mallorca\/?s={search_term_string}\"},\"query-input\":{\"@type\":\"PropertyValueSpecification\",\"valueRequired\":true,\"valueName\":\"search_term_string\"}}],\"inLanguage\":\"de\"}]}<\/script>\n<!-- \/ Yoast SEO plugin. -->","yoast_head_json":{"title":"Kontakt - Jetzt kostenlose Erstberatung buchen!","description":"Kostenlose Erstberatung f\u00fcr Einzel- oder Paartherapie: Kontaktieren Sie uns & erhalten Sie 60 Minuten professionelle Beratung kostenlos.","robots":{"index":"index","follow":"follow","max-snippet":"max-snippet:-1","max-image-preview":"max-image-preview:large","max-video-preview":"max-video-preview:-1"},"canonical":"https:\/\/www.therapie-online-und-vor-ort.de\/mallorca\/kontakt\/","og_locale":"de_DE","og_type":"article","og_title":"Kontakt - Jetzt kostenlose Erstberatung buchen!","og_description":"Kostenlose Erstberatung f\u00fcr Einzel- oder Paartherapie: Kontaktieren Sie uns & erhalten Sie 60 Minuten professionelle Beratung kostenlos.","og_url":"https:\/\/www.therapie-online-und-vor-ort.de\/mallorca\/kontakt\/","og_site_name":"Therapie Online und vor Ort - Mallorca","article_modified_time":"2024-10-14T21:09:50+00:00","twitter_card":"summary_large_image","twitter_misc":{"Gesch\u00e4tzte Lesezeit":"1\u00a0Minute"},"schema":{"@context":"https:\/\/schema.org","@graph":[{"@type":"WebPage","@id":"https:\/\/www.therapie-online-und-vor-ort.de\/mallorca\/kontakt\/","url":"https:\/\/www.therapie-online-und-vor-ort.de\/mallorca\/kontakt\/","name":"Kontakt - Jetzt kostenlose Erstberatung buchen!","isPartOf":{"@id":"https:\/\/www.therapie-online-und-vor-ort.de\/mallorca\/#website"},"datePublished":"2024-10-14T21:00:42+00:00","dateModified":"2024-10-14T21:09:50+00:00","description":"Kostenlose Erstberatung f\u00fcr Einzel- oder Paartherapie: Kontaktieren Sie uns & erhalten Sie 60 Minuten professionelle Beratung kostenlos.","breadcrumb":{"@id":"https:\/\/www.therapie-online-und-vor-ort.de\/mallorca\/kontakt\/#breadcrumb"},"inLanguage":"de","potentialAction":[{"@type":"ReadAction","target":["https:\/\/www.therapie-online-und-vor-ort.de\/mallorca\/kontakt\/"]}]},{"@type":"BreadcrumbList","@id":"https:\/\/www.therapie-online-und-vor-ort.de\/mallorca\/kontakt\/#breadcrumb","itemListElement":[{"@type":"ListItem","position":1,"name":"Startseite","item":"https:\/\/www.therapie-online-und-vor-ort.de\/mallorca\/"},{"@type":"ListItem","position":2,"name":"Kontaktieren Sie uns \u2013 Jetzt eine kostenlose Erstberatung f\u00fcr 60 Minuten buchen!"}]},{"@type":"WebSite","@id":"https:\/\/www.therapie-online-und-vor-ort.de\/mallorca\/#website","url":"https:\/\/www.therapie-online-und-vor-ort.de\/mallorca\/","name":"Therapie Online und vor Ort - Mallorca","description":"","potentialAction":[{"@type":"SearchAction","target":{"@type":"EntryPoint","urlTemplate":"https:\/\/www.therapie-online-und-vor-ort.de\/mallorca\/?s={search_term_string}"},"query-input":{"@type":"PropertyValueSpecification","valueRequired":true,"valueName":"search_term_string"}}],"inLanguage":"de"}]}},"_links":{"self":[{"href":"https:\/\/www.therapie-online-und-vor-ort.de\/mallorca\/wp-json\/wp\/v2\/pages\/52","targetHints":{"allow":["GET"]}}],"collection":[{"href":"https:\/\/www.therapie-online-und-vor-ort.de\/mallorca\/wp-json\/wp\/v2\/pages"}],"about":[{"href":"https:\/\/www.therapie-online-und-vor-ort.de\/mallorca\/wp-json\/wp\/v2\/types\/page"}],"author":[{"embeddable":true,"href":"https:\/\/www.therapie-online-und-vor-ort.de\/mallorca\/wp-json\/wp\/v2\/users\/1"}],"replies":[{"embeddable":true,"href":"https:\/\/www.therapie-online-und-vor-ort.de\/mallorca\/wp-json\/wp\/v2\/comments?post=52"}],"version-history":[{"count":4,"href":"https:\/\/www.therapie-online-und-vor-ort.de\/mallorca\/wp-json\/wp\/v2\/pages\/52\/revisions"}],"predecessor-version":[{"id":56,"href":"https:\/\/www.therapie-online-und-vor-ort.de\/mallorca\/wp-json\/wp\/v2\/pages\/52\/revisions\/56"}],"wp:attachment":[{"href":"https:\/\/www.therapie-online-und-vor-ort.de\/mallorca\/wp-json\/wp\/v2\/media?parent=52"}],"curies":[{"name":"wp","href":"https:\/\/api.w.org\/{rel}","templated":true}]}}