{"id":1318,"date":"2024-06-05T05:48:20","date_gmt":"2024-06-05T03:48:20","guid":{"rendered":"https:\/\/www.therapie-online-und-vor-ort.de\/muenchen\/?page_id=1318"},"modified":"2025-01-17T00:00:44","modified_gmt":"2025-01-16T23:00:44","slug":"tests-online-narzissmus-toxische-beziehung-paartherapie-mehr","status":"publish","type":"page","link":"https:\/\/www.therapie-online-und-vor-ort.de\/muenchen\/tests-online-narzissmus-toxische-beziehung-paartherapie-mehr\/","title":{"rendered":"Tests online und Reflexionsfragen \u2013 Paartherapie, Aff\u00e4ren &amp; mehr!"},"content":{"rendered":"\t\t<div data-elementor-type=\"wp-page\" data-elementor-id=\"1318\" class=\"elementor elementor-1318\">\n\t\t\t\t<div class=\"elementor-element elementor-element-2740a2a7 e-flex e-con-boxed e-con e-parent\" data-id=\"2740a2a7\" data-element_type=\"container\" data-e-type=\"container\">\n\t\t\t\t\t<div class=\"e-con-inner\">\n\t\t<div class=\"elementor-element elementor-element-4ad68cd6 e-con-full e-flex e-con e-child\" data-id=\"4ad68cd6\" data-element_type=\"container\" data-e-type=\"container\">\n\t\t\t\t<div class=\"elementor-element elementor-element-7ece196a elementor-widget elementor-widget-text-editor\" data-id=\"7ece196a\" data-element_type=\"widget\" data-e-type=\"widget\" data-widget_type=\"text-editor.default\">\n\t\t\t\t<div class=\"elementor-widget-container\">\n\t\t\t\t\t\t\t\t\t<h2>Tests online und Reflexionsfragen \u2013 Paartherapie, Aff\u00e4ren, toxische Beziehungen, Narzissmus &amp; mehr!<\/h2><p>Finde heraus, wo du in deiner Beziehung stehst, und erkenne emotionale Muster mit unseren Online-Tests und Reflexionsfragen. Egal, ob du Unterst\u00fctzung in einer schwierigen Partnerschaft suchst, dich in einer Aff\u00e4re befindest oder dich mit den Folgen einer toxischen Beziehung auseinandersetzt \u2013 unsere Selbsttests und Reflexionsfragen helfen dir, Klarheit zu gewinnen.<\/p><p>Unsere speziell entwickelten Fragen bieten Einblicke in Themen wie Narzissmus, Paartherapie und die Dynamik von Beziehungen. Erfahre, ob du in einer gesunden Partnerschaft lebst, ob du in einer toxischen Beziehung feststeckst, oder wie du dich selbst und deine Bed\u00fcrfnisse besser verstehen kannst. Beginne noch heute mit deiner Selbstreflexion und erhalte wertvolle Unterst\u00fctzung auf deinem Weg zu emotionaler Klarheit und besseren Beziehungen.<\/p>\t\t\t\t\t\t\t\t<\/div>\n\t\t\t\t<\/div>\n\t\t\t\t<div class=\"elementor-element elementor-element-36fb97d0 elementor-widget elementor-widget-button\" data-id=\"36fb97d0\" data-element_type=\"widget\" data-e-type=\"widget\" data-widget_type=\"button.default\">\n\t\t\t\t<div class=\"elementor-widget-container\">\n\t\t\t\t\t\t\t\t\t<div class=\"elementor-button-wrapper\">\n\t\t\t\t\t<a class=\"elementor-button elementor-button-link elementor-size-lg\" href=\"\/muenchen\/kontakt\/\">\n\t\t\t\t\t\t<span class=\"elementor-button-content-wrapper\">\n\t\t\t\t\t\t\t\t\t<span class=\"elementor-button-text\">Kostenlose Erstberatung jetzt buchen!<\/span>\n\t\t\t\t\t<\/span>\n\t\t\t\t\t<\/a>\n\t\t\t\t<\/div>\n\t\t\t\t\t\t\t\t<\/div>\n\t\t\t\t<\/div>\n\t\t\t\t<\/div>\n\t\t<div class=\"elementor-element elementor-element-29c01a3d e-con-full e-flex e-con e-child\" data-id=\"29c01a3d\" data-element_type=\"container\" data-e-type=\"container\">\n\t\t\t\t<div class=\"elementor-element elementor-element-9d7fb7c elementor-widget elementor-widget-text-editor\" data-id=\"9d7fb7c\" data-element_type=\"widget\" data-e-type=\"widget\" data-widget_type=\"text-editor.default\">\n\t\t\t\t<div class=\"elementor-widget-container\">\n\t\t\t\t\t\t\t\t\t<img fetchpriority=\"high\" decoding=\"async\" class=\"alignnone size-full wp-image-1321\" src=\"https:\/\/www.therapie-online-und-vor-ort.de\/muenchen\/wp-content\/uploads\/2024\/06\/tests-online-narzissmus-toxische-beziehungen-paartherapie.webp\" alt=\"Tests Online - Narzissmus, toxische Beziehungen, Paartherapie\" width=\"800\" height=\"612\" srcset=\"https:\/\/www.therapie-online-und-vor-ort.de\/muenchen\/wp-content\/uploads\/2024\/06\/tests-online-narzissmus-toxische-beziehungen-paartherapie.webp 800w, https:\/\/www.therapie-online-und-vor-ort.de\/muenchen\/wp-content\/uploads\/2024\/06\/tests-online-narzissmus-toxische-beziehungen-paartherapie-300x230.webp 300w, https:\/\/www.therapie-online-und-vor-ort.de\/muenchen\/wp-content\/uploads\/2024\/06\/tests-online-narzissmus-toxische-beziehungen-paartherapie-768x588.webp 768w\" sizes=\"(max-width: 800px) 100vw, 800px\" \/>\t\t\t\t\t\t\t\t<\/div>\n\t\t\t\t<\/div>\n\t\t\t\t<\/div>\n\t\t\t\t\t<\/div>\n\t\t\t\t<\/div>\n\t\t<div class=\"elementor-element elementor-element-5cf454c e-grid e-con-boxed e-con e-parent\" data-id=\"5cf454c\" data-element_type=\"container\" data-e-type=\"container\">\n\t\t\t\t\t<div class=\"e-con-inner\">\n\t\t\t\t<div class=\"elementor-element elementor-element-11819db elementor-widget elementor-widget-video\" data-id=\"11819db\" data-element_type=\"widget\" data-e-type=\"widget\" data-settings=\"{&quot;youtube_url&quot;:&quot;https:\\\/\\\/youtu.be\\\/loEk88ngITA?si=NqEm-ocwVBxOegrG&quot;,&quot;video_type&quot;:&quot;youtube&quot;,&quot;controls&quot;:&quot;yes&quot;}\" data-widget_type=\"video.default\">\n\t\t\t\t<div class=\"elementor-widget-container\">\n\t\t\t\t\t\t\t<div class=\"elementor-wrapper elementor-open-inline\">\n\t\t\t<div class=\"elementor-video\"><\/div>\t\t<\/div>\n\t\t\t\t\t\t<\/div>\n\t\t\t\t<\/div>\n\t\t\t\t<div class=\"elementor-element elementor-element-1f6610a elementor-widget elementor-widget-video\" data-id=\"1f6610a\" data-element_type=\"widget\" data-e-type=\"widget\" data-settings=\"{&quot;youtube_url&quot;:&quot;https:\\\/\\\/youtu.be\\\/uNTk_7yrEG8?si=xxP_0Feo4Hl0KKSk&quot;,&quot;video_type&quot;:&quot;youtube&quot;,&quot;controls&quot;:&quot;yes&quot;}\" data-widget_type=\"video.default\">\n\t\t\t\t<div class=\"elementor-widget-container\">\n\t\t\t\t\t\t\t<div class=\"elementor-wrapper elementor-open-inline\">\n\t\t\t<div class=\"elementor-video\"><\/div>\t\t<\/div>\n\t\t\t\t\t\t<\/div>\n\t\t\t\t<\/div>\n\t\t\t\t\t<\/div>\n\t\t\t\t<\/div>\n\t\t<div class=\"elementor-element elementor-element-07a3c7c e-flex e-con-boxed e-con e-parent\" data-id=\"07a3c7c\" data-element_type=\"container\" data-e-type=\"container\">\n\t\t\t\t\t<div class=\"e-con-inner\">\n\t\t\t\t<div class=\"elementor-element elementor-element-d5d1217 elementor-widget elementor-widget-text-editor\" data-id=\"d5d1217\" data-element_type=\"widget\" data-e-type=\"widget\" data-widget_type=\"text-editor.default\">\n\t\t\t\t<div class=\"elementor-widget-container\">\n\t\t\t\t\t\t\t\t\t<h2>Unsere Online-Tests<\/h2><ul><li><p class=\"hheader\"><a href=\"https:\/\/www.therapie-online-und-vor-ort.de\/muenchen\/test-ist-mein-e-partnerin-ein-e-narzisst-in\/\">Ist mein Partner ein Narzisst?\u00a0<\/a><\/p><\/li><li><p class=\"hheader\"><a href=\"https:\/\/www.therapie-online-und-vor-ort.de\/muenchen\/test-bin-ich-moeglicherweise-ein-narzisst\/\">Bin ich ein Narzisst?<\/a><\/p><\/li><li><a href=\"https:\/\/www.therapie-online-und-vor-ort.de\/muenchen\/wie-sieht-ihre-perfekte-partnerschaft-aus\/\">Wie sieht Ihre perfekte Partnerschaft aus?<\/a><\/li><li><p class=\"hheader\"><a href=\"https:\/\/www.therapie-online-und-vor-ort.de\/muenchen\/pdf-test-wie-narzisstisch-ist-mein-partner-meine-partnerin\/\">PDF Test \u2013 Wie narzisstisch ist mein Partner\/meine Partnerin?<\/a><\/p><\/li><\/ul><h2>Entdecken Sie Ihr Beziehungsumfeld mit unseren Online-Tests<\/h2><p>Willkommen auf unserer Plattform, wo wir Ihnen durch spezialisierte Online-Tests helfen, tiefere Einblicke in die Dynamiken Ihrer pers\u00f6nlichen Beziehungen zu gewinnen. Ob Sie Bedenken bez\u00fcglich Narzissmus haben, Anzeichen einer toxischen Beziehung erkennen m\u00f6chten oder einfach nur neue Wege zur St\u00e4rkung Ihrer Partnerschaft durch Paartherapie suchen \u2013 unsere Tests bieten Ihnen wertvolle Erkenntnisse und Handlungsempfehlungen.<\/p><h2>Narzissmus-Test: Erkennen Sie die Zeichen<\/h2><p>Narzissmus in einer Beziehung kann schwer zu identifizieren sein. Mit unserem fundierten Narzissmus-Test k\u00f6nnen Sie herausfinden, ob und in welchem Ausma\u00df narzisstische Z\u00fcge eine Rolle in Ihrer Partnerschaft spielen. Dieser Test ist sorgf\u00e4ltig konzipiert, um subtile narzisstische Verhaltensweisen aufzudecken und Ihnen zu helfen, angemessen darauf zu reagieren.<\/p><h2>Toxische Beziehungs-Test: Ist Ihre Beziehung gesund?<\/h2><p>Toxische Beziehungen k\u00f6nnen emotional ersch\u00f6pfend sein und langfristige Auswirkungen haben. Unser Test zu toxischen Beziehungen hilft Ihnen, die Gesundheit Ihrer Beziehung zu beurteilen und zu verstehen, welche Schritte Sie unternehmen k\u00f6nnen, um eine positive Ver\u00e4nderung herbeizuf\u00fchren.<\/p><h2>Paartherapie-Test: Brauchen Sie professionelle Hilfe?<\/h2><p>Manchmal ist es schwierig zu entscheiden, ob und wann professionelle Hilfe notwendig ist. Unser Paartherapie-Test bietet Ihnen eine Einsch\u00e4tzung, basierend auf den Antworten, die Sie \u00fcber Ihre Beziehungsdynamik geben. Finden Sie heraus, ob Paartherapie eine empfehlenswerte Option f\u00fcr Sie sein k\u00f6nnte.<\/p><h2>Warum unsere Tests w\u00e4hlen?<\/h2><p>Unsere Tests sind von Experten entwickelt und basieren auf den neuesten psychologischen Forschungen. Sie sind einfach zu bedienen und bieten schnelle, doch tiefgehende Analysen Ihrer Beziehungssituation. Zus\u00e4tzlich zu den Testergebnissen bieten wir umfassende Ressourcen und Empfehlungen, um Ihre Beziehungsqualit\u00e4t zu verbessern.<\/p><p><strong>Beginnen Sie noch heute mit unseren Online-Tests und machen Sie den ersten Schritt zu einer ges\u00fcnderen und erf\u00fcllteren Beziehung!<\/strong><\/p>\t\t\t\t\t\t\t\t<\/div>\n\t\t\t\t<\/div>\n\t\t\t\t\t<\/div>\n\t\t\t\t<\/div>\n\t\t<div class=\"elementor-element elementor-element-30feebaf e-flex e-con-boxed e-con e-parent\" data-id=\"30feebaf\" data-element_type=\"container\" data-e-type=\"container\">\n\t\t\t\t\t<div class=\"e-con-inner\">\n\t\t\t\t<div class=\"elementor-element elementor-element-3e17ace4 elementor-widget elementor-widget-button\" data-id=\"3e17ace4\" data-element_type=\"widget\" data-e-type=\"widget\" data-widget_type=\"button.default\">\n\t\t\t\t<div class=\"elementor-widget-container\">\n\t\t\t\t\t\t\t\t\t<div class=\"elementor-button-wrapper\">\n\t\t\t\t\t<a class=\"elementor-button elementor-button-link elementor-size-lg\" href=\"\/muenchen\/kontakt\/\">\n\t\t\t\t\t\t<span class=\"elementor-button-content-wrapper\">\n\t\t\t\t\t\t\t\t\t<span class=\"elementor-button-text\">Kostenlose Erstberatung jetzt buchen!<\/span>\n\t\t\t\t\t<\/span>\n\t\t\t\t\t<\/a>\n\t\t\t\t<\/div>\n\t\t\t\t\t\t\t\t<\/div>\n\t\t\t\t<\/div>\n\t\t\t\t\t<\/div>\n\t\t\t\t<\/div>\n\t\t\t\t<\/div>\n\t\t","protected":false},"excerpt":{"rendered":"<p>Tests online und Reflexionsfragen \u2013 Paartherapie, Aff\u00e4ren, toxische Beziehungen, Narzissmus &amp; mehr! Finde heraus, wo du in deiner Beziehung stehst, und erkenne emotionale Muster mit unseren Online-Tests und Reflexionsfragen. Egal, ob du Unterst\u00fctzung in einer schwierigen Partnerschaft suchst, dich in einer Aff\u00e4re befindest oder dich mit den Folgen einer toxischen Beziehung auseinandersetzt \u2013 unsere Selbsttests&hellip; <a class=\"read-more\" href=\"https:\/\/www.therapie-online-und-vor-ort.de\/muenchen\/tests-online-narzissmus-toxische-beziehung-paartherapie-mehr\/\" title=\"Read Tests online und Reflexionsfragen \u2013 Paartherapie, Aff\u00e4ren &amp; mehr!\">Read more &raquo;<\/a><\/p>\n","protected":false},"author":1,"featured_media":0,"parent":0,"menu_order":0,"comment_status":"closed","ping_status":"closed","template":"","meta":{"footnotes":""},"class_list":["post-1318","page","type-page","status-publish","hentry"],"acf":[],"yoast_head":"<!-- This site is optimized with the Yoast SEO plugin v27.1.1 - https:\/\/yoast.com\/product\/yoast-seo-wordpress\/ -->\n<title>Tests online und Reflexionsfragen \u2013 Paartherapie, Aff\u00e4ren &amp; mehr!<\/title>\n<meta name=\"description\" content=\"Entdecken Sie mit unseren Tests &amp; Reflexionsfragen die Dynamiken Ihrer Beziehung: Narzissmus, toxische Partnerschaften, Paartherapie &amp; mehr.\" \/>\n<meta name=\"robots\" content=\"index, follow, max-snippet:-1, max-image-preview:large, max-video-preview:-1\" \/>\n<link rel=\"canonical\" href=\"https:\/\/www.therapie-online-und-vor-ort.de\/muenchen\/tests-online-narzissmus-toxische-beziehung-paartherapie-mehr\/\" \/>\n<meta property=\"og:locale\" content=\"de_DE\" \/>\n<meta property=\"og:type\" content=\"article\" \/>\n<meta property=\"og:title\" content=\"Tests online und Reflexionsfragen \u2013 Paartherapie, Aff\u00e4ren &amp; mehr!\" \/>\n<meta property=\"og:description\" content=\"Entdecken Sie mit unseren Tests &amp; Reflexionsfragen die Dynamiken Ihrer Beziehung: Narzissmus, toxische Partnerschaften, Paartherapie &amp; mehr.\" \/>\n<meta property=\"og:url\" content=\"https:\/\/www.therapie-online-und-vor-ort.de\/muenchen\/tests-online-narzissmus-toxische-beziehung-paartherapie-mehr\/\" \/>\n<meta property=\"og:site_name\" content=\"Therapie Online und vor Ort - M\u00fcnchen\" \/>\n<meta property=\"article:modified_time\" content=\"2025-01-16T23:00:44+00:00\" \/>\n<meta property=\"og:image\" content=\"https:\/\/www.therapie-online-und-vor-ort.de\/muenchen\/wp-content\/uploads\/2024\/06\/tests-online-narzissmus-toxische-beziehungen-paartherapie.webp\" \/>\n\t<meta property=\"og:image:width\" content=\"800\" \/>\n\t<meta property=\"og:image:height\" content=\"612\" \/>\n\t<meta property=\"og:image:type\" content=\"image\/webp\" \/>\n<meta name=\"twitter:card\" content=\"summary_large_image\" \/>\n<meta name=\"twitter:label1\" content=\"Gesch\u00e4tzte Lesezeit\" \/>\n\t<meta name=\"twitter:data1\" content=\"3\u00a0Minuten\" \/>\n<script type=\"application\/ld+json\" class=\"yoast-schema-graph\">{\"@context\":\"https:\/\/schema.org\",\"@graph\":[{\"@type\":\"WebPage\",\"@id\":\"https:\/\/www.therapie-online-und-vor-ort.de\/muenchen\/tests-online-narzissmus-toxische-beziehung-paartherapie-mehr\/\",\"url\":\"https:\/\/www.therapie-online-und-vor-ort.de\/muenchen\/tests-online-narzissmus-toxische-beziehung-paartherapie-mehr\/\",\"name\":\"Tests online und Reflexionsfragen \u2013 Paartherapie, Aff\u00e4ren & mehr!\",\"isPartOf\":{\"@id\":\"https:\/\/www.therapie-online-und-vor-ort.de\/muenchen\/#website\"},\"primaryImageOfPage\":{\"@id\":\"https:\/\/www.therapie-online-und-vor-ort.de\/muenchen\/tests-online-narzissmus-toxische-beziehung-paartherapie-mehr\/#primaryimage\"},\"image\":{\"@id\":\"https:\/\/www.therapie-online-und-vor-ort.de\/muenchen\/tests-online-narzissmus-toxische-beziehung-paartherapie-mehr\/#primaryimage\"},\"thumbnailUrl\":\"https:\/\/www.therapie-online-und-vor-ort.de\/muenchen\/wp-content\/uploads\/2024\/06\/tests-online-narzissmus-toxische-beziehungen-paartherapie.webp\",\"datePublished\":\"2024-06-05T03:48:20+00:00\",\"dateModified\":\"2025-01-16T23:00:44+00:00\",\"description\":\"Entdecken Sie mit unseren Tests & Reflexionsfragen die Dynamiken Ihrer Beziehung: Narzissmus, toxische Partnerschaften, Paartherapie & mehr.\",\"inLanguage\":\"de\",\"potentialAction\":[{\"@type\":\"ReadAction\",\"target\":[\"https:\/\/www.therapie-online-und-vor-ort.de\/muenchen\/tests-online-narzissmus-toxische-beziehung-paartherapie-mehr\/\"]}]},{\"@type\":\"ImageObject\",\"inLanguage\":\"de\",\"@id\":\"https:\/\/www.therapie-online-und-vor-ort.de\/muenchen\/tests-online-narzissmus-toxische-beziehung-paartherapie-mehr\/#primaryimage\",\"url\":\"https:\/\/www.therapie-online-und-vor-ort.de\/muenchen\/wp-content\/uploads\/2024\/06\/tests-online-narzissmus-toxische-beziehungen-paartherapie.webp\",\"contentUrl\":\"https:\/\/www.therapie-online-und-vor-ort.de\/muenchen\/wp-content\/uploads\/2024\/06\/tests-online-narzissmus-toxische-beziehungen-paartherapie.webp\",\"width\":800,\"height\":612,\"caption\":\"tests-online-narzissmus-toxische-beziehungen-paartherapie\"},{\"@type\":\"WebSite\",\"@id\":\"https:\/\/www.therapie-online-und-vor-ort.de\/muenchen\/#website\",\"url\":\"https:\/\/www.therapie-online-und-vor-ort.de\/muenchen\/\",\"name\":\"Therapie Online und vor Ort - M\u00fcnchen\",\"description\":\"\",\"potentialAction\":[{\"@type\":\"SearchAction\",\"target\":{\"@type\":\"EntryPoint\",\"urlTemplate\":\"https:\/\/www.therapie-online-und-vor-ort.de\/muenchen\/?s={search_term_string}\"},\"query-input\":{\"@type\":\"PropertyValueSpecification\",\"valueRequired\":true,\"valueName\":\"search_term_string\"}}],\"inLanguage\":\"de\"}]}<\/script>\n<!-- \/ Yoast SEO plugin. -->","yoast_head_json":{"title":"Tests online und Reflexionsfragen \u2013 Paartherapie, Aff\u00e4ren & mehr!","description":"Entdecken Sie mit unseren Tests & Reflexionsfragen die Dynamiken Ihrer Beziehung: Narzissmus, toxische Partnerschaften, Paartherapie & mehr.","robots":{"index":"index","follow":"follow","max-snippet":"max-snippet:-1","max-image-preview":"max-image-preview:large","max-video-preview":"max-video-preview:-1"},"canonical":"https:\/\/www.therapie-online-und-vor-ort.de\/muenchen\/tests-online-narzissmus-toxische-beziehung-paartherapie-mehr\/","og_locale":"de_DE","og_type":"article","og_title":"Tests online und Reflexionsfragen \u2013 Paartherapie, Aff\u00e4ren & mehr!","og_description":"Entdecken Sie mit unseren Tests & Reflexionsfragen die Dynamiken Ihrer Beziehung: Narzissmus, toxische Partnerschaften, Paartherapie & mehr.","og_url":"https:\/\/www.therapie-online-und-vor-ort.de\/muenchen\/tests-online-narzissmus-toxische-beziehung-paartherapie-mehr\/","og_site_name":"Therapie Online und vor Ort - M\u00fcnchen","article_modified_time":"2025-01-16T23:00:44+00:00","og_image":[{"width":800,"height":612,"url":"https:\/\/www.therapie-online-und-vor-ort.de\/muenchen\/wp-content\/uploads\/2024\/06\/tests-online-narzissmus-toxische-beziehungen-paartherapie.webp","type":"image\/webp"}],"twitter_card":"summary_large_image","twitter_misc":{"Gesch\u00e4tzte Lesezeit":"3\u00a0Minuten"},"schema":{"@context":"https:\/\/schema.org","@graph":[{"@type":"WebPage","@id":"https:\/\/www.therapie-online-und-vor-ort.de\/muenchen\/tests-online-narzissmus-toxische-beziehung-paartherapie-mehr\/","url":"https:\/\/www.therapie-online-und-vor-ort.de\/muenchen\/tests-online-narzissmus-toxische-beziehung-paartherapie-mehr\/","name":"Tests online und Reflexionsfragen \u2013 Paartherapie, Aff\u00e4ren & mehr!","isPartOf":{"@id":"https:\/\/www.therapie-online-und-vor-ort.de\/muenchen\/#website"},"primaryImageOfPage":{"@id":"https:\/\/www.therapie-online-und-vor-ort.de\/muenchen\/tests-online-narzissmus-toxische-beziehung-paartherapie-mehr\/#primaryimage"},"image":{"@id":"https:\/\/www.therapie-online-und-vor-ort.de\/muenchen\/tests-online-narzissmus-toxische-beziehung-paartherapie-mehr\/#primaryimage"},"thumbnailUrl":"https:\/\/www.therapie-online-und-vor-ort.de\/muenchen\/wp-content\/uploads\/2024\/06\/tests-online-narzissmus-toxische-beziehungen-paartherapie.webp","datePublished":"2024-06-05T03:48:20+00:00","dateModified":"2025-01-16T23:00:44+00:00","description":"Entdecken Sie mit unseren Tests & Reflexionsfragen die Dynamiken Ihrer Beziehung: Narzissmus, toxische Partnerschaften, Paartherapie & mehr.","inLanguage":"de","potentialAction":[{"@type":"ReadAction","target":["https:\/\/www.therapie-online-und-vor-ort.de\/muenchen\/tests-online-narzissmus-toxische-beziehung-paartherapie-mehr\/"]}]},{"@type":"ImageObject","inLanguage":"de","@id":"https:\/\/www.therapie-online-und-vor-ort.de\/muenchen\/tests-online-narzissmus-toxische-beziehung-paartherapie-mehr\/#primaryimage","url":"https:\/\/www.therapie-online-und-vor-ort.de\/muenchen\/wp-content\/uploads\/2024\/06\/tests-online-narzissmus-toxische-beziehungen-paartherapie.webp","contentUrl":"https:\/\/www.therapie-online-und-vor-ort.de\/muenchen\/wp-content\/uploads\/2024\/06\/tests-online-narzissmus-toxische-beziehungen-paartherapie.webp","width":800,"height":612,"caption":"tests-online-narzissmus-toxische-beziehungen-paartherapie"},{"@type":"WebSite","@id":"https:\/\/www.therapie-online-und-vor-ort.de\/muenchen\/#website","url":"https:\/\/www.therapie-online-und-vor-ort.de\/muenchen\/","name":"Therapie Online und vor Ort - M\u00fcnchen","description":"","potentialAction":[{"@type":"SearchAction","target":{"@type":"EntryPoint","urlTemplate":"https:\/\/www.therapie-online-und-vor-ort.de\/muenchen\/?s={search_term_string}"},"query-input":{"@type":"PropertyValueSpecification","valueRequired":true,"valueName":"search_term_string"}}],"inLanguage":"de"}]}},"_links":{"self":[{"href":"https:\/\/www.therapie-online-und-vor-ort.de\/muenchen\/wp-json\/wp\/v2\/pages\/1318","targetHints":{"allow":["GET"]}}],"collection":[{"href":"https:\/\/www.therapie-online-und-vor-ort.de\/muenchen\/wp-json\/wp\/v2\/pages"}],"about":[{"href":"https:\/\/www.therapie-online-und-vor-ort.de\/muenchen\/wp-json\/wp\/v2\/types\/page"}],"author":[{"embeddable":true,"href":"https:\/\/www.therapie-online-und-vor-ort.de\/muenchen\/wp-json\/wp\/v2\/users\/1"}],"replies":[{"embeddable":true,"href":"https:\/\/www.therapie-online-und-vor-ort.de\/muenchen\/wp-json\/wp\/v2\/comments?post=1318"}],"version-history":[{"count":18,"href":"https:\/\/www.therapie-online-und-vor-ort.de\/muenchen\/wp-json\/wp\/v2\/pages\/1318\/revisions"}],"predecessor-version":[{"id":4656,"href":"https:\/\/www.therapie-online-und-vor-ort.de\/muenchen\/wp-json\/wp\/v2\/pages\/1318\/revisions\/4656"}],"wp:attachment":[{"href":"https:\/\/www.therapie-online-und-vor-ort.de\/muenchen\/wp-json\/wp\/v2\/media?parent=1318"}],"curies":[{"name":"wp","href":"https:\/\/api.w.org\/{rel}","templated":true}]}}