{"id":3503,"date":"2024-10-17T05:52:04","date_gmt":"2024-10-17T03:52:04","guid":{"rendered":"https:\/\/www.therapie-online-und-vor-ort.de\/muenchen\/?page_id=3503"},"modified":"2025-01-16T23:47:56","modified_gmt":"2025-01-16T22:47:56","slug":"meine-verhaltensweisen-in-beziehungen","status":"publish","type":"page","link":"https:\/\/www.therapie-online-und-vor-ort.de\/muenchen\/meine-verhaltensweisen-in-beziehungen\/","title":{"rendered":"Meine Verhaltensweisen in Beziehungen analysieren: Warum bin ich so, wie ich bin?"},"content":{"rendered":"\t\t<div data-elementor-type=\"wp-page\" data-elementor-id=\"3503\" class=\"elementor elementor-3503\">\n\t\t\t\t<div class=\"elementor-element elementor-element-4a064cfd e-flex e-con-boxed e-con e-parent\" data-id=\"4a064cfd\" data-element_type=\"container\" data-e-type=\"container\">\n\t\t\t\t\t<div class=\"e-con-inner\">\n\t\t\t\t<div class=\"elementor-element elementor-element-15b8d259 elementor-widget elementor-widget-heading\" data-id=\"15b8d259\" data-element_type=\"widget\" data-e-type=\"widget\" data-widget_type=\"heading.default\">\n\t\t\t\t<div class=\"elementor-widget-container\">\n\t\t\t\t\t<h2 class=\"elementor-heading-title elementor-size-default\">Reflexion \u2013 Woher komme ich (famili\u00e4r, regional, international) und warum bin ich so, wie ich bin? \u2013 Meine Verhaltensweisen analysieren<\/h2>\t\t\t\t<\/div>\n\t\t\t\t<\/div>\n\t\t\t\t\t<\/div>\n\t\t\t\t<\/div>\n\t\t<div class=\"elementor-element elementor-element-63f44369 e-flex e-con-boxed e-con e-parent\" data-id=\"63f44369\" data-element_type=\"container\" data-e-type=\"container\">\n\t\t\t\t\t<div class=\"e-con-inner\">\n\t\t<div class=\"elementor-element elementor-element-1fdaa394 e-con-full e-flex e-con e-child\" data-id=\"1fdaa394\" data-element_type=\"container\" data-e-type=\"container\">\n\t\t\t\t<div class=\"elementor-element elementor-element-5776e924 elementor-widget elementor-widget-text-editor\" data-id=\"5776e924\" data-element_type=\"widget\" data-e-type=\"widget\" data-widget_type=\"text-editor.default\">\n\t\t\t\t<div class=\"elementor-widget-container\">\n\t\t\t\t\t\t\t\t\t<p><strong>Reflexionsfrage: Wer bin ich in Beziehungen und warum?<\/strong><\/p><p>In einer Partnerschaft ist es wichtig, sich mit den eigenen Wurzeln und bisherigen Erfahrungen auseinanderzusetzen, um zu verstehen, wie diese unser Verhalten in Partnerschaften beeinflussen. Unsere famili\u00e4ren und kulturellen Hintergr\u00fcnde spielen eine zentrale Rolle bei der Frage, warum wir so sind, wie wir sind, und wie wir Beziehungen gestalten. Dieser Fragebogen soll dir helfen, tiefer in diese Reflexion einzutauchen.<\/p>\t\t\t\t\t\t\t\t<\/div>\n\t\t\t\t<\/div>\n\t\t\t\t<div class=\"elementor-element elementor-element-269a0de6 elementor-widget elementor-widget-button\" data-id=\"269a0de6\" data-element_type=\"widget\" data-e-type=\"widget\" data-widget_type=\"button.default\">\n\t\t\t\t<div class=\"elementor-widget-container\">\n\t\t\t\t\t\t\t\t\t<div class=\"elementor-button-wrapper\">\n\t\t\t\t\t<a class=\"elementor-button elementor-button-link elementor-size-lg\" href=\"\/muenchen\/kontakt\/\">\n\t\t\t\t\t\t<span class=\"elementor-button-content-wrapper\">\n\t\t\t\t\t\t\t\t\t<span class=\"elementor-button-text\">Kostenlose Erstberatung jetzt buchen!<\/span>\n\t\t\t\t\t<\/span>\n\t\t\t\t\t<\/a>\n\t\t\t\t<\/div>\n\t\t\t\t\t\t\t\t<\/div>\n\t\t\t\t<\/div>\n\t\t\t\t<\/div>\n\t\t<div class=\"elementor-element elementor-element-30bce84c e-con-full e-flex e-con e-child\" data-id=\"30bce84c\" data-element_type=\"container\" data-e-type=\"container\">\n\t\t\t\t<div class=\"elementor-element elementor-element-4355da8d elementor-widget elementor-widget-text-editor\" data-id=\"4355da8d\" data-element_type=\"widget\" data-e-type=\"widget\" data-widget_type=\"text-editor.default\">\n\t\t\t\t<div class=\"elementor-widget-container\">\n\t\t\t\t\t\t\t\t\t<img fetchpriority=\"high\" decoding=\"async\" class=\"alignnone size-full wp-image-3510\" src=\"https:\/\/www.therapie-online-und-vor-ort.de\/muenchen\/wp-content\/uploads\/2024\/10\/woher-kommen-meine-verhaltensweisen-in-einer-partnerschaft.webp\" alt=\"Meine Verhaltensweisen in Beziehungen analysieren: Warum bin ich so, wie ich bin\" width=\"500\" height=\"334\" srcset=\"https:\/\/www.therapie-online-und-vor-ort.de\/muenchen\/wp-content\/uploads\/2024\/10\/woher-kommen-meine-verhaltensweisen-in-einer-partnerschaft.webp 500w, https:\/\/www.therapie-online-und-vor-ort.de\/muenchen\/wp-content\/uploads\/2024\/10\/woher-kommen-meine-verhaltensweisen-in-einer-partnerschaft-300x200.webp 300w\" sizes=\"(max-width: 500px) 100vw, 500px\" \/>\t\t\t\t\t\t\t\t<\/div>\n\t\t\t\t<\/div>\n\t\t\t\t<\/div>\n\t\t\t\t\t<\/div>\n\t\t\t\t<\/div>\n\t\t<div class=\"elementor-element elementor-element-f038b17 e-flex e-con-boxed e-con e-parent\" data-id=\"f038b17\" data-element_type=\"container\" data-e-type=\"container\">\n\t\t\t\t\t<div class=\"e-con-inner\">\n\t\t\t\t<div class=\"elementor-element elementor-element-a972268 elementor-widget elementor-widget-text-editor\" data-id=\"a972268\" data-element_type=\"widget\" data-e-type=\"widget\" data-widget_type=\"text-editor.default\">\n\t\t\t\t<div class=\"elementor-widget-container\">\n\t\t\t\t\t\t\t\t\t<h2>1. Was hast du in deiner Herkunftsfamilie, deinem Herkunftsland oder deiner Region \u00fcber Partnerschaften gelernt?<\/h2><p>Welche Normen, Werte oder Verhaltensweisen hast du dort in Bezug auf Beziehungen mitbekommen?<\/p><h2>2. Wie war die Beziehung deiner Eltern zueinander? Was hast du in deiner Kindheit und Jugend \u00fcber ihre Partnerschaft erlebt?<\/h2><p>Dieses Erleben pr\u00e4gt oft unser eigenes Verst\u00e4ndnis von Partnerschaften.<\/p><h2>3. Was denkst du im Allgemeinen \u00fcber Beziehungen?<\/h2><p>Wie siehst du Partnerschaften und welche Erwartungen hast du daran?<\/p><h2>4. Welche Chancen und M\u00f6glichkeiten siehst du in Beziehungen?<\/h2><p>Welche positiven Aspekte oder Potenziale verbindest du mit Partnerschaften?<\/p><h2>5. Mit welchen Herausforderungen bist du in Beziehungen immer wieder konfrontiert?<\/h2><p>Welche Schwierigkeiten haben dich in der Vergangenheit in deinen Partnerschaften begleitet?<\/p><h2>6. Welche Beziehungserfahrungen hast du vor deiner aktuellen Partnerschaft gemacht?<\/h2><p>Gab es pr\u00e4gende Beziehungen, die dich und deine Sicht auf Partnerschaften geformt haben?<\/p><h2>7. Wie wichtig ist Sexualit\u00e4t f\u00fcr dich in einer Beziehung?<\/h2><p>Welche Rolle spielt Intimit\u00e4t f\u00fcr deine emotionale und k\u00f6rperliche Verbindung mit deinem Partner?<\/p><h2>8. Hast du schon einmal Erfahrungen mit Betrug oder Entt\u00e4uschung in einer Beziehung gemacht?<\/h2><p>Wenn ja, wie haben diese Erfahrungen deine Sicht auf Beziehungen ver\u00e4ndert?<\/p><h2>9. Hast du \u00fcberwiegend positive oder negative Erfahrungen in fr\u00fcheren Partnerschaften gemacht?<\/h2><p>Diese Frage kann dir helfen zu reflektieren, wie deine Beziehungshistorie deine Einstellung heute beeinflusst.<\/p><h2>10. Wie wichtig ist dir Treue in einer Beziehung?<\/h2><p>Welche Rolle spielt f\u00fcr dich das Thema Loyalit\u00e4t und Exklusivit\u00e4t in einer Partnerschaft?<\/p><h2>11. Wie beeinflussen deine bisherigen Beziehungserfahrungen deine aktuelle Partnerschaft?<\/h2><p>Welche Muster oder \u00c4ngste bringst du m\u00f6glicherweise aus vergangenen Beziehungen in die jetzige ein?<\/p><h2>12. Wie pr\u00e4gt das Bild, das du in deiner Kindheit \u00fcber Beziehungen gewonnen hast, deine heutige Partnerschaft?<\/h2><p>Unser fr\u00fchkindliches Beziehungsverhalten wirkt oft unbewusst in unseren aktuellen Beziehungen weiter.<\/p><h3>Fazit:<\/h3><p>Dieser Fragebogen ist eine Einladung zur Selbstreflexion. Indem du dir bewusst machst, woher du kommst und wie deine bisherigen Erfahrungen dich gepr\u00e4gt haben, kannst du ein tieferes Verst\u00e4ndnis f\u00fcr dein Verhalten in der aktuellen Partnerschaft entwickeln. Dies ist ein wichtiger Schritt, um an den Herausforderungen zu arbeiten und neue Wege in deiner Beziehung zu finden.<\/p>\t\t\t\t\t\t\t\t<\/div>\n\t\t\t\t<\/div>\n\t\t\t\t\t<\/div>\n\t\t\t\t<\/div>\n\t\t<div class=\"elementor-element elementor-element-62388d55 e-flex e-con-boxed e-con e-parent\" data-id=\"62388d55\" data-element_type=\"container\" data-e-type=\"container\">\n\t\t\t\t\t<div class=\"e-con-inner\">\n\t\t\t\t<div class=\"elementor-element elementor-element-5f368756 elementor-widget elementor-widget-button\" data-id=\"5f368756\" data-element_type=\"widget\" data-e-type=\"widget\" data-widget_type=\"button.default\">\n\t\t\t\t<div class=\"elementor-widget-container\">\n\t\t\t\t\t\t\t\t\t<div class=\"elementor-button-wrapper\">\n\t\t\t\t\t<a class=\"elementor-button elementor-button-link elementor-size-lg\" href=\"\/muenchen\/kontakt\/\">\n\t\t\t\t\t\t<span class=\"elementor-button-content-wrapper\">\n\t\t\t\t\t\t\t\t\t<span class=\"elementor-button-text\">Kostenlose Erstberatung jetzt buchen!<\/span>\n\t\t\t\t\t<\/span>\n\t\t\t\t\t<\/a>\n\t\t\t\t<\/div>\n\t\t\t\t\t\t\t\t<\/div>\n\t\t\t\t<\/div>\n\t\t\t\t\t<\/div>\n\t\t\t\t<\/div>\n\t\t<div class=\"elementor-element elementor-element-78f467b e-grid e-con-boxed e-con e-parent\" data-id=\"78f467b\" data-element_type=\"container\" data-e-type=\"container\">\n\t\t\t\t\t<div class=\"e-con-inner\">\n\t\t\t\t<div class=\"elementor-element elementor-element-63eb532 elementor-widget elementor-widget-video\" data-id=\"63eb532\" data-element_type=\"widget\" data-e-type=\"widget\" data-settings=\"{&quot;youtube_url&quot;:&quot;https:\\\/\\\/youtu.be\\\/loEk88ngITA?si=NqEm-ocwVBxOegrG&quot;,&quot;video_type&quot;:&quot;youtube&quot;,&quot;controls&quot;:&quot;yes&quot;}\" data-widget_type=\"video.default\">\n\t\t\t\t<div class=\"elementor-widget-container\">\n\t\t\t\t\t\t\t<div class=\"elementor-wrapper elementor-open-inline\">\n\t\t\t<div class=\"elementor-video\"><\/div>\t\t<\/div>\n\t\t\t\t\t\t<\/div>\n\t\t\t\t<\/div>\n\t\t\t\t<div class=\"elementor-element elementor-element-fce6b3c elementor-widget elementor-widget-video\" data-id=\"fce6b3c\" data-element_type=\"widget\" data-e-type=\"widget\" data-settings=\"{&quot;youtube_url&quot;:&quot;https:\\\/\\\/youtu.be\\\/uNTk_7yrEG8?si=xxP_0Feo4Hl0KKSk&quot;,&quot;video_type&quot;:&quot;youtube&quot;,&quot;controls&quot;:&quot;yes&quot;}\" data-widget_type=\"video.default\">\n\t\t\t\t<div class=\"elementor-widget-container\">\n\t\t\t\t\t\t\t<div class=\"elementor-wrapper elementor-open-inline\">\n\t\t\t<div class=\"elementor-video\"><\/div>\t\t<\/div>\n\t\t\t\t\t\t<\/div>\n\t\t\t\t<\/div>\n\t\t\t\t\t<\/div>\n\t\t\t\t<\/div>\n\t\t\t\t<\/div>\n\t\t","protected":false},"excerpt":{"rendered":"<p>Reflexion \u2013 Woher komme ich (famili\u00e4r, regional, international) und warum bin ich so, wie ich bin? \u2013 Meine Verhaltensweisen analysieren Reflexionsfrage: Wer bin ich in Beziehungen und warum? In einer Partnerschaft ist es wichtig, sich mit den eigenen Wurzeln und bisherigen Erfahrungen auseinanderzusetzen, um zu verstehen, wie diese unser Verhalten in Partnerschaften beeinflussen. Unsere famili\u00e4ren&hellip; <a class=\"read-more\" href=\"https:\/\/www.therapie-online-und-vor-ort.de\/muenchen\/meine-verhaltensweisen-in-beziehungen\/\" title=\"Read Meine Verhaltensweisen in Beziehungen analysieren: Warum bin ich so, wie ich bin?\">Read more &raquo;<\/a><\/p>\n","protected":false},"author":1,"featured_media":0,"parent":0,"menu_order":0,"comment_status":"closed","ping_status":"closed","template":"","meta":{"footnotes":""},"class_list":["post-3503","page","type-page","status-publish","hentry"],"acf":[],"yoast_head":"<!-- This site is optimized with the Yoast SEO plugin v27.1.1 - https:\/\/yoast.com\/product\/yoast-seo-wordpress\/ -->\n<title>Meine Verhaltensweisen in Beziehungen analysieren<\/title>\n<meta name=\"description\" content=\"Analysiere deine Verhaltensweisen in Beziehungen und entdecke, warum du so handelst, wie du es tust. Erkenne Muster &amp; finde neue Wege.\" \/>\n<meta name=\"robots\" content=\"index, follow, max-snippet:-1, max-image-preview:large, max-video-preview:-1\" \/>\n<link rel=\"canonical\" href=\"https:\/\/www.therapie-online-und-vor-ort.de\/muenchen\/meine-verhaltensweisen-in-beziehungen\/\" \/>\n<meta property=\"og:locale\" content=\"de_DE\" \/>\n<meta property=\"og:type\" content=\"article\" \/>\n<meta property=\"og:title\" content=\"Meine Verhaltensweisen in Beziehungen analysieren\" \/>\n<meta property=\"og:description\" content=\"Analysiere deine Verhaltensweisen in Beziehungen und entdecke, warum du so handelst, wie du es tust. Erkenne Muster &amp; finde neue Wege.\" \/>\n<meta property=\"og:url\" content=\"https:\/\/www.therapie-online-und-vor-ort.de\/muenchen\/meine-verhaltensweisen-in-beziehungen\/\" \/>\n<meta property=\"og:site_name\" content=\"Therapie Online und vor Ort - M\u00fcnchen\" \/>\n<meta property=\"article:modified_time\" content=\"2025-01-16T22:47:56+00:00\" \/>\n<meta property=\"og:image\" content=\"https:\/\/www.therapie-online-und-vor-ort.de\/muenchen\/wp-content\/uploads\/2024\/10\/woher-kommen-meine-verhaltensweisen-in-einer-partnerschaft.webp\" \/>\n\t<meta property=\"og:image:width\" content=\"500\" \/>\n\t<meta property=\"og:image:height\" content=\"334\" \/>\n\t<meta property=\"og:image:type\" content=\"image\/webp\" \/>\n<meta name=\"twitter:card\" content=\"summary_large_image\" \/>\n<meta name=\"twitter:label1\" content=\"Gesch\u00e4tzte Lesezeit\" \/>\n\t<meta name=\"twitter:data1\" content=\"3\u00a0Minuten\" \/>\n<script type=\"application\/ld+json\" class=\"yoast-schema-graph\">{\"@context\":\"https:\/\/schema.org\",\"@graph\":[{\"@type\":\"WebPage\",\"@id\":\"https:\/\/www.therapie-online-und-vor-ort.de\/muenchen\/meine-verhaltensweisen-in-beziehungen\/\",\"url\":\"https:\/\/www.therapie-online-und-vor-ort.de\/muenchen\/meine-verhaltensweisen-in-beziehungen\/\",\"name\":\"Meine Verhaltensweisen in Beziehungen analysieren\",\"isPartOf\":{\"@id\":\"https:\/\/www.therapie-online-und-vor-ort.de\/muenchen\/#website\"},\"primaryImageOfPage\":{\"@id\":\"https:\/\/www.therapie-online-und-vor-ort.de\/muenchen\/meine-verhaltensweisen-in-beziehungen\/#primaryimage\"},\"image\":{\"@id\":\"https:\/\/www.therapie-online-und-vor-ort.de\/muenchen\/meine-verhaltensweisen-in-beziehungen\/#primaryimage\"},\"thumbnailUrl\":\"https:\/\/www.therapie-online-und-vor-ort.de\/muenchen\/wp-content\/uploads\/2024\/10\/woher-kommen-meine-verhaltensweisen-in-einer-partnerschaft.webp\",\"datePublished\":\"2024-10-17T03:52:04+00:00\",\"dateModified\":\"2025-01-16T22:47:56+00:00\",\"description\":\"Analysiere deine Verhaltensweisen in Beziehungen und entdecke, warum du so handelst, wie du es tust. Erkenne Muster & finde neue Wege.\",\"inLanguage\":\"de\",\"potentialAction\":[{\"@type\":\"ReadAction\",\"target\":[\"https:\/\/www.therapie-online-und-vor-ort.de\/muenchen\/meine-verhaltensweisen-in-beziehungen\/\"]}]},{\"@type\":\"ImageObject\",\"inLanguage\":\"de\",\"@id\":\"https:\/\/www.therapie-online-und-vor-ort.de\/muenchen\/meine-verhaltensweisen-in-beziehungen\/#primaryimage\",\"url\":\"https:\/\/www.therapie-online-und-vor-ort.de\/muenchen\/wp-content\/uploads\/2024\/10\/woher-kommen-meine-verhaltensweisen-in-einer-partnerschaft.webp\",\"contentUrl\":\"https:\/\/www.therapie-online-und-vor-ort.de\/muenchen\/wp-content\/uploads\/2024\/10\/woher-kommen-meine-verhaltensweisen-in-einer-partnerschaft.webp\",\"width\":500,\"height\":334,\"caption\":\"woher-kommen-meine-verhaltensweisen-in-einer-partnerschaft\"},{\"@type\":\"WebSite\",\"@id\":\"https:\/\/www.therapie-online-und-vor-ort.de\/muenchen\/#website\",\"url\":\"https:\/\/www.therapie-online-und-vor-ort.de\/muenchen\/\",\"name\":\"Therapie Online und vor Ort - M\u00fcnchen\",\"description\":\"\",\"potentialAction\":[{\"@type\":\"SearchAction\",\"target\":{\"@type\":\"EntryPoint\",\"urlTemplate\":\"https:\/\/www.therapie-online-und-vor-ort.de\/muenchen\/?s={search_term_string}\"},\"query-input\":{\"@type\":\"PropertyValueSpecification\",\"valueRequired\":true,\"valueName\":\"search_term_string\"}}],\"inLanguage\":\"de\"}]}<\/script>\n<!-- \/ Yoast SEO plugin. -->","yoast_head_json":{"title":"Meine Verhaltensweisen in Beziehungen analysieren","description":"Analysiere deine Verhaltensweisen in Beziehungen und entdecke, warum du so handelst, wie du es tust. Erkenne Muster & finde neue Wege.","robots":{"index":"index","follow":"follow","max-snippet":"max-snippet:-1","max-image-preview":"max-image-preview:large","max-video-preview":"max-video-preview:-1"},"canonical":"https:\/\/www.therapie-online-und-vor-ort.de\/muenchen\/meine-verhaltensweisen-in-beziehungen\/","og_locale":"de_DE","og_type":"article","og_title":"Meine Verhaltensweisen in Beziehungen analysieren","og_description":"Analysiere deine Verhaltensweisen in Beziehungen und entdecke, warum du so handelst, wie du es tust. Erkenne Muster & finde neue Wege.","og_url":"https:\/\/www.therapie-online-und-vor-ort.de\/muenchen\/meine-verhaltensweisen-in-beziehungen\/","og_site_name":"Therapie Online und vor Ort - M\u00fcnchen","article_modified_time":"2025-01-16T22:47:56+00:00","og_image":[{"width":500,"height":334,"url":"https:\/\/www.therapie-online-und-vor-ort.de\/muenchen\/wp-content\/uploads\/2024\/10\/woher-kommen-meine-verhaltensweisen-in-einer-partnerschaft.webp","type":"image\/webp"}],"twitter_card":"summary_large_image","twitter_misc":{"Gesch\u00e4tzte Lesezeit":"3\u00a0Minuten"},"schema":{"@context":"https:\/\/schema.org","@graph":[{"@type":"WebPage","@id":"https:\/\/www.therapie-online-und-vor-ort.de\/muenchen\/meine-verhaltensweisen-in-beziehungen\/","url":"https:\/\/www.therapie-online-und-vor-ort.de\/muenchen\/meine-verhaltensweisen-in-beziehungen\/","name":"Meine Verhaltensweisen in Beziehungen analysieren","isPartOf":{"@id":"https:\/\/www.therapie-online-und-vor-ort.de\/muenchen\/#website"},"primaryImageOfPage":{"@id":"https:\/\/www.therapie-online-und-vor-ort.de\/muenchen\/meine-verhaltensweisen-in-beziehungen\/#primaryimage"},"image":{"@id":"https:\/\/www.therapie-online-und-vor-ort.de\/muenchen\/meine-verhaltensweisen-in-beziehungen\/#primaryimage"},"thumbnailUrl":"https:\/\/www.therapie-online-und-vor-ort.de\/muenchen\/wp-content\/uploads\/2024\/10\/woher-kommen-meine-verhaltensweisen-in-einer-partnerschaft.webp","datePublished":"2024-10-17T03:52:04+00:00","dateModified":"2025-01-16T22:47:56+00:00","description":"Analysiere deine Verhaltensweisen in Beziehungen und entdecke, warum du so handelst, wie du es tust. Erkenne Muster & finde neue Wege.","inLanguage":"de","potentialAction":[{"@type":"ReadAction","target":["https:\/\/www.therapie-online-und-vor-ort.de\/muenchen\/meine-verhaltensweisen-in-beziehungen\/"]}]},{"@type":"ImageObject","inLanguage":"de","@id":"https:\/\/www.therapie-online-und-vor-ort.de\/muenchen\/meine-verhaltensweisen-in-beziehungen\/#primaryimage","url":"https:\/\/www.therapie-online-und-vor-ort.de\/muenchen\/wp-content\/uploads\/2024\/10\/woher-kommen-meine-verhaltensweisen-in-einer-partnerschaft.webp","contentUrl":"https:\/\/www.therapie-online-und-vor-ort.de\/muenchen\/wp-content\/uploads\/2024\/10\/woher-kommen-meine-verhaltensweisen-in-einer-partnerschaft.webp","width":500,"height":334,"caption":"woher-kommen-meine-verhaltensweisen-in-einer-partnerschaft"},{"@type":"WebSite","@id":"https:\/\/www.therapie-online-und-vor-ort.de\/muenchen\/#website","url":"https:\/\/www.therapie-online-und-vor-ort.de\/muenchen\/","name":"Therapie Online und vor Ort - M\u00fcnchen","description":"","potentialAction":[{"@type":"SearchAction","target":{"@type":"EntryPoint","urlTemplate":"https:\/\/www.therapie-online-und-vor-ort.de\/muenchen\/?s={search_term_string}"},"query-input":{"@type":"PropertyValueSpecification","valueRequired":true,"valueName":"search_term_string"}}],"inLanguage":"de"}]}},"_links":{"self":[{"href":"https:\/\/www.therapie-online-und-vor-ort.de\/muenchen\/wp-json\/wp\/v2\/pages\/3503","targetHints":{"allow":["GET"]}}],"collection":[{"href":"https:\/\/www.therapie-online-und-vor-ort.de\/muenchen\/wp-json\/wp\/v2\/pages"}],"about":[{"href":"https:\/\/www.therapie-online-und-vor-ort.de\/muenchen\/wp-json\/wp\/v2\/types\/page"}],"author":[{"embeddable":true,"href":"https:\/\/www.therapie-online-und-vor-ort.de\/muenchen\/wp-json\/wp\/v2\/users\/1"}],"replies":[{"embeddable":true,"href":"https:\/\/www.therapie-online-und-vor-ort.de\/muenchen\/wp-json\/wp\/v2\/comments?post=3503"}],"version-history":[{"count":10,"href":"https:\/\/www.therapie-online-und-vor-ort.de\/muenchen\/wp-json\/wp\/v2\/pages\/3503\/revisions"}],"predecessor-version":[{"id":4153,"href":"https:\/\/www.therapie-online-und-vor-ort.de\/muenchen\/wp-json\/wp\/v2\/pages\/3503\/revisions\/4153"}],"wp:attachment":[{"href":"https:\/\/www.therapie-online-und-vor-ort.de\/muenchen\/wp-json\/wp\/v2\/media?parent=3503"}],"curies":[{"name":"wp","href":"https:\/\/api.w.org\/{rel}","templated":true}]}}