{"id":95,"date":"2024-01-10T19:34:12","date_gmt":"2024-01-10T18:34:12","guid":{"rendered":"https:\/\/www.therapie-online-und-vor-ort.de\/muenchen\/?page_id=95"},"modified":"2025-12-30T08:28:28","modified_gmt":"2025-12-30T07:28:28","slug":"impressum","status":"publish","type":"page","link":"https:\/\/www.therapie-online-und-vor-ort.de\/muenchen\/impressum\/","title":{"rendered":"Impressum"},"content":{"rendered":"\t\t<div data-elementor-type=\"wp-page\" data-elementor-id=\"95\" class=\"elementor elementor-95\">\n\t\t\t\t<div class=\"elementor-element elementor-element-4a4c565 e-flex e-con-boxed e-con e-parent\" data-id=\"4a4c565\" data-element_type=\"container\" data-e-type=\"container\">\n\t\t\t\t\t<div class=\"e-con-inner\">\n\t\t\t\t<div class=\"elementor-element elementor-element-9181e66 elementor-widget elementor-widget-text-editor\" data-id=\"9181e66\" data-element_type=\"widget\" data-e-type=\"widget\" data-widget_type=\"text-editor.default\">\n\t\t\t\t<div class=\"elementor-widget-container\">\n\t\t\t\t\t\t\t\t\t<h2>Impressum<\/h2><p>Angaben gem\u00e4\u00df \u00a7 5 TMG:<\/p><p>Mart\u00edn Polo Villaf\u00e1n<br \/>Max-Born-Weg 31<br \/>85748 Garching bei M\u00fcnchen<\/p><p>Steuernummer:<br \/>146\/139\/70194<\/p><p>Email:<br \/>martingpv@aol.com<\/p><p>\u2013 Gesetzliche Berufsbezeichnung: Diplom Sozial-P\u00e4dagoge \u2013 Katholische Stiftungshochschule M\u00fcnchen (verliehen in der Bundesrepublik Deutschland)<br \/>Verantwortlicher i.S.d. \u00a7 18 Abs. 2 MStV: Martin Polo, Max-Born-Weg 31 in 85748 Garching bei M\u00fcnchen<\/p><p><strong>Hinweis: Ich bin kein approbierter Psychotherapeut.<\/strong><br data-start=\"2006\" data-end=\"2009\" \/><strong>Meine Arbeit ersetzt keine medizinische oder psychiatrische Behandlung.<\/strong><\/p><h2>Haftungsausschluss:<\/h2><h3>Streitschlichtung<\/h3><p>Die Europ\u00e4ische Kommission stellt eine Plattform zur Online-Streitbeilegung (OS) bereit: <a href=\"https:\/\/ec.europa.eu\/consumers\/odr\/main\/index.cfm?event=main.home.chooseLanguage\" target=\"_blank\" rel=\"noopener\">https:\/\/ec.europa.eu\/consumers\/odr<\/a> Unsere E-Mail-Adresse finden Sie oben im Impressum.<br \/>Wir sind nicht bereit oder verpflichtet, an Streitbeilegungsverfahren vor einer Verbraucherschlichtungsstelle teilzunehmen.<\/p><h2>Haftung f\u00fcr Inhalte<\/h2><p>Als Diensteanbieter sind wir gem\u00e4\u00df \u00a7 7 Abs.1 TMG f\u00fcr eigene Inhalte auf diesen Seiten nach den allgemeinen Gesetzen verantwortlich. Nach \u00a7\u00a7 8 bis 10 TMG sind wir als Diensteanbieter jedoch nicht verpflichtet, \u00fcbermittelte oder gespeicherte fremde Informationen zu \u00fcberwachen oder nach Umst\u00e4nden zu forschen, die auf eine rechtswidrige T\u00e4tigkeit hinweisen.<\/p><p>Verpflichtungen zur Entfernung oder Sperrung der Nutzung von Informationen nach den allgemeinen Gesetzen bleiben hiervon unber\u00fchrt. Eine diesbez\u00fcgliche Haftung ist jedoch erst ab dem Zeitpunkt der Kenntnis einer konkreten Rechtsverletzung m\u00f6glich. Bei Bekanntwerden von entsprechenden Rechtsverletzungen werden wir diese Inhalte umgehend entfernen.<\/p><h2>Haftung f\u00fcr Links<\/h2><p>Unser Angebot enth\u00e4lt Links zu externen Websites Dritter, auf deren Inhalte wir keinen Einfluss haben. Deshalb k\u00f6nnen wir f\u00fcr diese fremden Inhalte auch<br \/>keine Gew\u00e4hr \u00fcbernehmen. F\u00fcr die Inhalte der verlinkten Seiten ist stets der jeweilige Anbieter oder Betreiber der Seiten verantwortlich. Die verlinkten Seiten wurden zum Zeitpunkt der Verlinkung auf m\u00f6gliche Rechtsverst\u00f6\u00dfe \u00fcberpr\u00fcft. Rechtswidrige Inhalte waren zum Zeitpunkt der Verlinkung nicht erkennbar.<br \/>Eine permanente inhaltliche Kontrolle der verlinkten Seiten ist jedoch ohne konkrete Anhaltspunkte einer Rechtsverletzung nicht zumutbar. Bei<br \/>Bekanntwerden von Rechtsverletzungen werden wir derartige Links umgehend entfernen.<\/p><h2>Urheberrecht<\/h2><p>Die durch die Seitenbetreiber erstellten Inhalte und Werke auf diesen Seiten unterliegen dem deutschen Urheberrecht. Die Vervielf\u00e4ltigung, Bearbeitung, Verbreitung und jede Art der Verwertung au\u00dferhalb der Grenzen des Urheberrechtes bed\u00fcrfen der schriftlichen Zustimmung des jeweiligen Autors bzw. Erstellers. Downloads und Kopien dieser Seite sind nur f\u00fcr den privaten, nicht kommerziellen Gebrauch gestattet.<br \/>Soweit die Inhalte auf dieser Seite nicht vom Betreiber erstellt wurden, werden die Urheberrechte Dritter beachtet. Insbesondere werden Inhalte Dritter als solche gekennzeichnet. Sollten Sie trotzdem auf eine Urheberrechtsverletzung aufmerksam werden, bitten wir um einen entsprechenden Hinweis. Bei Bekanntwerden von Rechtsverletzungen werden wir derartige Inhalte umgehend entfernen.<\/p>\t\t\t\t\t\t\t\t<\/div>\n\t\t\t\t<\/div>\n\t\t\t\t\t<\/div>\n\t\t\t\t<\/div>\n\t\t\t\t<\/div>\n\t\t","protected":false},"excerpt":{"rendered":"<p>Impressum Angaben gem\u00e4\u00df \u00a7 5 TMG: Mart\u00edn Polo Villaf\u00e1nMax-Born-Weg 3185748 Garching bei M\u00fcnchen Steuernummer:146\/139\/70194 Email:martingpv@aol.com \u2013 Gesetzliche Berufsbezeichnung: Diplom Sozial-P\u00e4dagoge \u2013 Katholische Stiftungshochschule M\u00fcnchen (verliehen in der Bundesrepublik Deutschland)Verantwortlicher i.S.d. \u00a7 18 Abs. 2 MStV: Martin Polo, Max-Born-Weg 31 in 85748 Garching bei M\u00fcnchen Hinweis: Ich bin kein approbierter Psychotherapeut.Meine Arbeit ersetzt keine medizinische oder&hellip; <a class=\"read-more\" href=\"https:\/\/www.therapie-online-und-vor-ort.de\/muenchen\/impressum\/\" title=\"Read Impressum\">Read more &raquo;<\/a><\/p>\n","protected":false},"author":1,"featured_media":0,"parent":0,"menu_order":0,"comment_status":"closed","ping_status":"closed","template":"","meta":{"footnotes":""},"class_list":["post-95","page","type-page","status-publish","hentry"],"acf":[],"yoast_head":"<!-- This site is optimized with the Yoast SEO plugin v27.1.1 - https:\/\/yoast.com\/product\/yoast-seo-wordpress\/ -->\n<title>Impressum: Informationen \u00fcber uns und rechtliche Hinweise<\/title>\n<meta name=\"description\" content=\"Erfahren Sie mehr \u00fcber unser Unternehmen und erhalten Sie wichtige rechtliche Informationen im Impressum. Hier finden Sie alles, was Sie \u00fcber uns wissen m\u00fcssen.\" \/>\n<meta name=\"robots\" content=\"index, follow, max-snippet:-1, max-image-preview:large, max-video-preview:-1\" \/>\n<link rel=\"canonical\" href=\"https:\/\/www.therapie-online-und-vor-ort.de\/muenchen\/impressum\/\" \/>\n<meta property=\"og:locale\" content=\"de_DE\" \/>\n<meta property=\"og:type\" content=\"article\" \/>\n<meta property=\"og:title\" content=\"Impressum: Informationen \u00fcber uns und rechtliche Hinweise\" \/>\n<meta property=\"og:description\" content=\"Erfahren Sie mehr \u00fcber unser Unternehmen und erhalten Sie wichtige rechtliche Informationen im Impressum. Hier finden Sie alles, was Sie \u00fcber uns wissen m\u00fcssen.\" \/>\n<meta property=\"og:url\" content=\"https:\/\/www.therapie-online-und-vor-ort.de\/muenchen\/impressum\/\" \/>\n<meta property=\"og:site_name\" content=\"Therapie Online und vor Ort - M\u00fcnchen\" \/>\n<meta property=\"article:modified_time\" content=\"2025-12-30T07:28:28+00:00\" \/>\n<meta name=\"twitter:card\" content=\"summary_large_image\" \/>\n<meta name=\"twitter:label1\" content=\"Gesch\u00e4tzte Lesezeit\" \/>\n\t<meta name=\"twitter:data1\" content=\"3\u00a0Minuten\" \/>\n<script type=\"application\/ld+json\" class=\"yoast-schema-graph\">{\"@context\":\"https:\/\/schema.org\",\"@graph\":[{\"@type\":\"WebPage\",\"@id\":\"https:\/\/www.therapie-online-und-vor-ort.de\/muenchen\/impressum\/\",\"url\":\"https:\/\/www.therapie-online-und-vor-ort.de\/muenchen\/impressum\/\",\"name\":\"Impressum: Informationen \u00fcber uns und rechtliche Hinweise\",\"isPartOf\":{\"@id\":\"https:\/\/www.therapie-online-und-vor-ort.de\/muenchen\/#website\"},\"datePublished\":\"2024-01-10T18:34:12+00:00\",\"dateModified\":\"2025-12-30T07:28:28+00:00\",\"description\":\"Erfahren Sie mehr \u00fcber unser Unternehmen und erhalten Sie wichtige rechtliche Informationen im Impressum. Hier finden Sie alles, was Sie \u00fcber uns wissen m\u00fcssen.\",\"inLanguage\":\"de\",\"potentialAction\":[{\"@type\":\"ReadAction\",\"target\":[\"https:\/\/www.therapie-online-und-vor-ort.de\/muenchen\/impressum\/\"]}]},{\"@type\":\"WebSite\",\"@id\":\"https:\/\/www.therapie-online-und-vor-ort.de\/muenchen\/#website\",\"url\":\"https:\/\/www.therapie-online-und-vor-ort.de\/muenchen\/\",\"name\":\"Therapie Online und vor Ort - M\u00fcnchen\",\"description\":\"\",\"potentialAction\":[{\"@type\":\"SearchAction\",\"target\":{\"@type\":\"EntryPoint\",\"urlTemplate\":\"https:\/\/www.therapie-online-und-vor-ort.de\/muenchen\/?s={search_term_string}\"},\"query-input\":{\"@type\":\"PropertyValueSpecification\",\"valueRequired\":true,\"valueName\":\"search_term_string\"}}],\"inLanguage\":\"de\"}]}<\/script>\n<!-- \/ Yoast SEO plugin. -->","yoast_head_json":{"title":"Impressum: Informationen \u00fcber uns und rechtliche Hinweise","description":"Erfahren Sie mehr \u00fcber unser Unternehmen und erhalten Sie wichtige rechtliche Informationen im Impressum. Hier finden Sie alles, was Sie \u00fcber uns wissen m\u00fcssen.","robots":{"index":"index","follow":"follow","max-snippet":"max-snippet:-1","max-image-preview":"max-image-preview:large","max-video-preview":"max-video-preview:-1"},"canonical":"https:\/\/www.therapie-online-und-vor-ort.de\/muenchen\/impressum\/","og_locale":"de_DE","og_type":"article","og_title":"Impressum: Informationen \u00fcber uns und rechtliche Hinweise","og_description":"Erfahren Sie mehr \u00fcber unser Unternehmen und erhalten Sie wichtige rechtliche Informationen im Impressum. Hier finden Sie alles, was Sie \u00fcber uns wissen m\u00fcssen.","og_url":"https:\/\/www.therapie-online-und-vor-ort.de\/muenchen\/impressum\/","og_site_name":"Therapie Online und vor Ort - M\u00fcnchen","article_modified_time":"2025-12-30T07:28:28+00:00","twitter_card":"summary_large_image","twitter_misc":{"Gesch\u00e4tzte Lesezeit":"3\u00a0Minuten"},"schema":{"@context":"https:\/\/schema.org","@graph":[{"@type":"WebPage","@id":"https:\/\/www.therapie-online-und-vor-ort.de\/muenchen\/impressum\/","url":"https:\/\/www.therapie-online-und-vor-ort.de\/muenchen\/impressum\/","name":"Impressum: Informationen \u00fcber uns und rechtliche Hinweise","isPartOf":{"@id":"https:\/\/www.therapie-online-und-vor-ort.de\/muenchen\/#website"},"datePublished":"2024-01-10T18:34:12+00:00","dateModified":"2025-12-30T07:28:28+00:00","description":"Erfahren Sie mehr \u00fcber unser Unternehmen und erhalten Sie wichtige rechtliche Informationen im Impressum. Hier finden Sie alles, was Sie \u00fcber uns wissen m\u00fcssen.","inLanguage":"de","potentialAction":[{"@type":"ReadAction","target":["https:\/\/www.therapie-online-und-vor-ort.de\/muenchen\/impressum\/"]}]},{"@type":"WebSite","@id":"https:\/\/www.therapie-online-und-vor-ort.de\/muenchen\/#website","url":"https:\/\/www.therapie-online-und-vor-ort.de\/muenchen\/","name":"Therapie Online und vor Ort - M\u00fcnchen","description":"","potentialAction":[{"@type":"SearchAction","target":{"@type":"EntryPoint","urlTemplate":"https:\/\/www.therapie-online-und-vor-ort.de\/muenchen\/?s={search_term_string}"},"query-input":{"@type":"PropertyValueSpecification","valueRequired":true,"valueName":"search_term_string"}}],"inLanguage":"de"}]}},"_links":{"self":[{"href":"https:\/\/www.therapie-online-und-vor-ort.de\/muenchen\/wp-json\/wp\/v2\/pages\/95","targetHints":{"allow":["GET"]}}],"collection":[{"href":"https:\/\/www.therapie-online-und-vor-ort.de\/muenchen\/wp-json\/wp\/v2\/pages"}],"about":[{"href":"https:\/\/www.therapie-online-und-vor-ort.de\/muenchen\/wp-json\/wp\/v2\/types\/page"}],"author":[{"embeddable":true,"href":"https:\/\/www.therapie-online-und-vor-ort.de\/muenchen\/wp-json\/wp\/v2\/users\/1"}],"replies":[{"embeddable":true,"href":"https:\/\/www.therapie-online-und-vor-ort.de\/muenchen\/wp-json\/wp\/v2\/comments?post=95"}],"version-history":[{"count":16,"href":"https:\/\/www.therapie-online-und-vor-ort.de\/muenchen\/wp-json\/wp\/v2\/pages\/95\/revisions"}],"predecessor-version":[{"id":5398,"href":"https:\/\/www.therapie-online-und-vor-ort.de\/muenchen\/wp-json\/wp\/v2\/pages\/95\/revisions\/5398"}],"wp:attachment":[{"href":"https:\/\/www.therapie-online-und-vor-ort.de\/muenchen\/wp-json\/wp\/v2\/media?parent=95"}],"curies":[{"name":"wp","href":"https:\/\/api.w.org\/{rel}","templated":true}]}}